{"id":64,"date":"2017-04-26T12:09:47","date_gmt":"2017-04-26T12:09:47","guid":{"rendered":"http:\/\/wp1.stein-fischer.de\/?page_id=64"},"modified":"2020-06-16T11:46:26","modified_gmt":"2020-06-16T10:46:26","slug":"impressum","status":"publish","type":"page","link":"https:\/\/stein-fischer.de\/?page_id=64","title":{"rendered":"Impressum"},"content":{"rendered":"<p>Baugesch\u00e4ft Michael Fischer GmbH<br \/>\nRembrandtstr. 66<br \/>\n12623 Berlin<\/p>\n<p>Tel.: 030 5629510<br \/>\nFax: 030 56295129<\/p>\n<p>Internet: www.stein-fischer.de<br \/>\nMail: kontakt@stein-fischer.de<\/p>\n<p>Vertretungsberechtigter Gesch\u00e4ftsf\u00fchrer: Michael Fischer<\/p>\n<p>Registergericht: Amtsgericht Berlin-Charlottenburg, Registernummer: HRB 65617<\/p>\n<p>Haftungshinweis:<br \/>\nTrotz sorgf\u00e4ltiger inhaltlicher Kontrolle \u00fcbernehmen wir keine Haftung f\u00fcr die Inhalte<br \/>\nexterner Links. F\u00fcr den Inhalt der verlinkten Seiten sind ausschlie\u00dflich deren Betreiber<br \/>\nverantwortlich.<\/p>\n<a href=\"http:\/\/stein-fischer.de\/\" target=\"_self\" class=\"bttn ap-bg-bttn ap-medium-bttn ap-default-bttn ap-align-none\">Zur\u00fcck<\/a>\n","protected":false},"excerpt":{"rendered":"<p>Baugesch\u00e4ft Michael Fischer GmbH Rembrandtstr. 66 12623 Berlin Tel.: 030 5629510 Fax: 030 56295129 Internet: www.stein-fischer.de Mail: kontakt@stein-fischer.de Vertretungsberechtigter Gesch\u00e4ftsf\u00fchrer: Michael Fischer Registergericht: Amtsgericht Berlin-Charlottenburg, Registernummer: HRB 65617 Haftungshinweis: Trotz sorgf\u00e4ltiger inhaltlicher Kontrolle \u00fcbernehmen wir keine Haftung f\u00fcr die Inhalte externer Links. F\u00fcr den Inhalt der verlinkten Seiten sind ausschlie\u00dflich deren Betreiber verantwortlich.<\/p>\n","protected":false},"author":1,"featured_media":0,"parent":0,"menu_order":0,"comment_status":"closed","ping_status":"closed","template":"","meta":{"footnotes":""},"class_list":["post-64","page","type-page","status-publish","hentry"],"_links":{"self":[{"href":"https:\/\/stein-fischer.de\/index.php?rest_route=\/wp\/v2\/pages\/64","targetHints":{"allow":["GET"]}}],"collection":[{"href":"https:\/\/stein-fischer.de\/index.php?rest_route=\/wp\/v2\/pages"}],"about":[{"href":"https:\/\/stein-fischer.de\/index.php?rest_route=\/wp\/v2\/types\/page"}],"author":[{"embeddable":true,"href":"https:\/\/stein-fischer.de\/index.php?rest_route=\/wp\/v2\/users\/1"}],"replies":[{"embeddable":true,"href":"https:\/\/stein-fischer.de\/index.php?rest_route=%2Fwp%2Fv2%2Fcomments&post=64"}],"version-history":[{"count":10,"href":"https:\/\/stein-fischer.de\/index.php?rest_route=\/wp\/v2\/pages\/64\/revisions"}],"predecessor-version":[{"id":660,"href":"https:\/\/stein-fischer.de\/index.php?rest_route=\/wp\/v2\/pages\/64\/revisions\/660"}],"wp:attachment":[{"href":"https:\/\/stein-fischer.de\/index.php?rest_route=%2Fwp%2Fv2%2Fmedia&parent=64"}],"curies":[{"name":"wp","href":"https:\/\/api.w.org\/{rel}","templated":true}]}}