{"id":340,"date":"2017-04-28T09:36:11","date_gmt":"2017-04-28T09:36:11","guid":{"rendered":"http:\/\/wp1.stein-fischer.de\/?page_id=340"},"modified":"2025-03-11T14:43:02","modified_gmt":"2025-03-11T13:43:02","slug":"bundesministerium-fuer-umwelt-naturschutz-bau-und-reaktorsicherheit","status":"publish","type":"page","link":"https:\/\/stein-fischer.de\/?page_id=340","title":{"rendered":"Bundesministerium f\u00fcr Umwelt, Naturschutz, Bau und Reaktorsicherheit"},"content":{"rendered":"<div id=\"pl-340\" class=\"panel-layout\">\n<div id=\"pg-340-0\" class=\"panel-grid panel-no-style\" data-style=\"{&quot;background_display&quot;:&quot;tile&quot;,&quot;cell_alignment&quot;:&quot;flex-start&quot;}\">\n<div id=\"pgc-340-0-0\" class=\"panel-grid-cell\" data-weight=\"1\">\n<div id=\"panel-340-0-0-0\" class=\"so-panel widget widget_metaslider_widget panel-first-child panel-last-child\" data-index=\"0\" data-style=\"{&quot;widget_css&quot;:&quot;max-width:800px;\\nmargin:0 auto;&quot;,&quot;background_display&quot;:&quot;tile&quot;}\">\n<div class=\"panel-widget-style panel-widget-style-for-340-0-0-0\"><div id=\"metaslider-id-354\" style=\"max-width: 800px;\" class=\"ml-slider-3-96-0 metaslider metaslider-flex metaslider-354 ml-slider ms-theme-default\" role=\"region\" aria-roledescription=\"Slideshow\" aria-label=\"BMU\">\n    <div id=\"metaslider_container_354\">\n        <div id=\"metaslider_354\">\n            <ul class='slides'>\n                <li style=\"display: block; width: 100%;\" class=\"slide-355 ms-image \" aria-roledescription=\"slide\" aria-label=\"slide-355\" data-date=\"2017-04-28 09:52:57\"><img loading=\"lazy\" decoding=\"async\" src=\"https:\/\/stein-fischer.de\/wp-content\/uploads\/2017\/04\/13-600x450.jpg\" height=\"600\" width=\"800\" alt=\"\" class=\"slider-354 slide-355\" \/><\/li>\n                <li style=\"display: none; width: 100%;\" class=\"slide-356 ms-image \" aria-roledescription=\"slide\" aria-label=\"slide-356\" data-date=\"2017-04-28 09:53:03\"><img loading=\"lazy\" decoding=\"async\" src=\"https:\/\/stein-fischer.de\/wp-content\/uploads\/2017\/04\/12-600x450.jpg\" height=\"600\" width=\"800\" alt=\"\" class=\"slider-354 slide-356\" \/><\/li>\n                <li style=\"display: none; width: 100%;\" class=\"slide-357 ms-image \" aria-roledescription=\"slide\" aria-label=\"slide-357\" data-date=\"2017-04-28 09:53:34\"><img loading=\"lazy\" decoding=\"async\" src=\"https:\/\/stein-fischer.de\/wp-content\/uploads\/2017\/04\/10-1-600x450.jpg\" height=\"600\" width=\"800\" alt=\"\" class=\"slider-354 slide-357\" \/><\/li>\n                <li style=\"display: none; width: 100%;\" class=\"slide-358 ms-image \" aria-roledescription=\"slide\" aria-label=\"slide-358\" data-date=\"2017-04-28 09:54:43\"><img loading=\"lazy\" decoding=\"async\" src=\"https:\/\/stein-fischer.de\/wp-content\/uploads\/2017\/04\/11-600x450.jpg\" height=\"600\" width=\"800\" alt=\"\" class=\"slider-354 slide-358\" \/><\/li>\n                <li style=\"display: none; width: 100%;\" class=\"slide-359 ms-image \" aria-roledescription=\"slide\" aria-label=\"slide-359\" data-date=\"2017-04-28 09:55:00\"><img loading=\"lazy\" decoding=\"async\" src=\"https:\/\/stein-fischer.de\/wp-content\/uploads\/2017\/04\/8-3.jpg\" height=\"600\" width=\"800\" alt=\"\" class=\"slider-354 slide-359\" \/><\/li>\n                <li style=\"display: none; width: 100%;\" class=\"slide-360 ms-image \" aria-roledescription=\"slide\" aria-label=\"slide-360\" data-date=\"2017-04-28 09:55:19\"><img loading=\"lazy\" decoding=\"async\" src=\"https:\/\/stein-fischer.de\/wp-content\/uploads\/2017\/04\/6-4.jpg\" height=\"600\" width=\"800\" alt=\"\" class=\"slider-354 slide-360\" \/><\/li>\n                <li style=\"display: none; width: 100%;\" class=\"slide-361 ms-image \" aria-roledescription=\"slide\" aria-label=\"slide-361\" data-date=\"2017-04-28 09:55:23\"><img loading=\"lazy\" decoding=\"async\" src=\"https:\/\/stein-fischer.de\/wp-content\/uploads\/2017\/04\/7-3.jpg\" height=\"600\" width=\"800\" alt=\"\" class=\"slider-354 slide-361\" \/><\/li>\n                <li style=\"display: none; width: 100%;\" class=\"slide-362 ms-image \" aria-roledescription=\"slide\" aria-label=\"slide-362\" data-date=\"2017-04-28 09:55:49\"><img loading=\"lazy\" decoding=\"async\" src=\"https:\/\/stein-fischer.de\/wp-content\/uploads\/2017\/04\/5-5.jpg\" height=\"600\" width=\"800\" alt=\"\" class=\"slider-354 slide-362\" \/><\/li>\n                <li style=\"display: none; width: 100%;\" class=\"slide-363 ms-image \" aria-roledescription=\"slide\" aria-label=\"slide-363\" data-date=\"2017-04-28 09:56:06\"><img loading=\"lazy\" decoding=\"async\" src=\"https:\/\/stein-fischer.de\/wp-content\/uploads\/2017\/04\/4-6.jpg\" height=\"600\" width=\"800\" alt=\"\" class=\"slider-354 slide-363\" \/><\/li>\n                <li style=\"display: none; width: 100%;\" class=\"slide-364 ms-image \" aria-roledescription=\"slide\" aria-label=\"slide-364\" data-date=\"2017-04-28 09:56:19\"><img loading=\"lazy\" decoding=\"async\" src=\"https:\/\/stein-fischer.de\/wp-content\/uploads\/2017\/04\/3-7.jpg\" height=\"600\" width=\"800\" alt=\"\" class=\"slider-354 slide-364\" \/><\/li>\n                <li style=\"display: none; width: 100%;\" class=\"slide-365 ms-image \" aria-roledescription=\"slide\" aria-label=\"slide-365\" data-date=\"2017-04-28 09:56:35\"><img loading=\"lazy\" decoding=\"async\" src=\"https:\/\/stein-fischer.de\/wp-content\/uploads\/2017\/04\/2-7.jpg\" height=\"600\" width=\"800\" alt=\"\" class=\"slider-354 slide-365\" \/><\/li>\n                <li style=\"display: none; width: 100%;\" class=\"slide-366 ms-image \" aria-roledescription=\"slide\" aria-label=\"slide-366\" data-date=\"2017-04-28 09:56:43\"><img loading=\"lazy\" decoding=\"async\" src=\"https:\/\/stein-fischer.de\/wp-content\/uploads\/2017\/04\/1-7.jpg\" height=\"600\" width=\"800\" alt=\"\" class=\"slider-354 slide-366\" \/><\/li>\n                <li style=\"display: none; width: 100%;\" class=\"slide-367 ms-image \" aria-roledescription=\"slide\" aria-label=\"slide-367\" data-date=\"2017-04-28 09:56:57\"><img loading=\"lazy\" decoding=\"async\" src=\"https:\/\/stein-fischer.de\/wp-content\/uploads\/2017\/04\/9-2-500x375.jpg\" height=\"600\" width=\"800\" alt=\"\" class=\"slider-354 slide-367\" \/><\/li>\n            <\/ul>\n        <\/div>\n        \n    <\/div>\n<\/div><\/div>\n<\/div>\n<\/div>\n<\/div>\n<div id=\"pg-340-1\" class=\"panel-grid panel-no-style\" data-style=\"{&quot;background_display&quot;:&quot;tile&quot;,&quot;cell_alignment&quot;:&quot;flex-start&quot;}\">\n<div id=\"pgc-340-1-0\" class=\"panel-grid-cell\" data-weight=\"1\">\n<div id=\"panel-340-1-0-0\" class=\"so-panel widget widget_text panel-first-child\" data-index=\"1\" data-style=\"{&quot;widget_css&quot;:&quot;max-width:800px;\\nmargin:0 auto;&quot;,&quot;background_display&quot;:&quot;tile&quot;}\">\n<div class=\"panel-widget-style panel-widget-style-for-340-1-0-0\">\n<div class=\"textwidget\">\n<p>Stresemannstr. 128-130, 10117 Berlin<\/p>\n<p>1913-1916 wurde das Haus Stresemannstra\u00dfe 128 (bis 1930 K\u00f6niggr\u00e4tzer Stra\u00dfe 123) f\u00fcr das Preu\u00dfische Landwirtschaftsministerium als Erweiterungsbau gebaut.<\/p>\n<p>Im Zweiten Weltkrieg erlitt das Geb\u00e4ude gro\u00dfe Sch\u00e4den, 1948 wurde das Geb\u00e4ude, innen und au\u00dfen vereinfacht, von der Konsumgenossenschaft Berlin wieder aufgebaut und als Zentralverwaltung genutzt.<\/p>\n<p>1991 wurde das Geb\u00e4ude noch einmal renoviert, 2002 begann dann die Planung f\u00fcr das Bundesministerium (BMU). Unter der Leitung von J\u00fcrgen Pleusers wurde der Bau 2005-2011 saniert und mit dem Neubau Stresemannstra\u00dfe 130 Ecke Erna-Berger-Stra\u00dfe verbunden. Stresemannstra\u00dfe 128 und 130 bilden so nun den Berliner Dienstsitz des BMU.<\/p>\n<p><strong>Ausgef\u00fchrte Arbeiten:<\/strong><\/p>\n<ul style=\"float: left;\">\n<li style=\"text-align: left;\">Als Vorleistung wurde ein vollst\u00e4ndiger Staubschutz aufgebaut.<\/li>\n<li style=\"text-align: left;\">Zusatzleistung\/Vorleistung: Herstellen von Bodenplatte aus Stahlbeton inkl. Bewehrung<\/li>\n<li style=\"text-align: left;\">Verlegen von Bodenbel\u00e4gen aus Jura Marmor graublau im Dickbett, sowie Treppenstufen und -gew\u00e4nde<\/li>\n<li style=\"text-align: left;\">Einfassung eines Markierungsstreifens aus Beton in die Trittstufen<\/li>\n<li style=\"text-align: left;\">Anbringung von Sockelleisten, Gel\u00e4nderabdeckungen und T\u00fcr- und Fahrstuhlleibungen<\/li>\n<li style=\"text-align: left;\">Verfugung mittels Portlandpuzzolanzement-Fugenm\u00f6rtel, farbig passend zum Bodenbelag<\/li>\n<li style=\"text-align: left;\">Anschlussverfugungen mit plastoelastischem Dichtstoff, einschl. systemgebundenem Primer und hinterf\u00fcllt<\/li>\n<li style=\"text-align: left;\">Reinigung von Fl\u00e4chen im Innenbereich mittels Hydrophobierung im Flutverfahren mit l\u00f6sungsfreiem Mittel \u2013 wasserabweisend, l\u00f6semittelfrei, \u00f6l- und fettabweisend, inkl. Graffitischutz<\/li>\n<li style=\"text-align: left;\">Einbau von Sauberlaufmatten mit angepasstem Rahmen<\/li>\n<\/ul>\n<p><strong>Zusammengefasste Mengen:<\/strong><\/p>\n<ul style=\"float: left;\">\n<li style=\"text-align: left;\">ca. 2.150m\u00b2 Haftbr\u00fccke<\/li>\n<li style=\"text-align: left;\">ca. 1.900m\u00b2 Bodenbel\u00e4ge verlegt<\/li>\n<li style=\"text-align: left;\">ca. 1.400m Sockelleisten<\/li>\n<li style=\"text-align: left;\">ca. 3.420m Verfugungen<\/li>\n<li style=\"text-align: left;\">ca. 645m\u00b2 Treppenbel\u00e4ge (Tritt- und Setzstufen)<\/li>\n<li style=\"text-align: left;\">53 Stk. Winkelstufen<\/li>\n<li style=\"text-align: left;\">5 Stk. Podestplatten<\/li>\n<li style=\"text-align: left;\">ca. 190m Markierungsstreifen aus Beton<\/li>\n<li style=\"text-align: left;\">53m\u00b2 Wand- und Deckenbekleidung<\/li>\n<li style=\"text-align: left;\">10 Stk. Fensterb\u00e4nke (als Austausch &#8211; Altbestand gebrochen)<\/li>\n<li style=\"text-align: left;\">ca. 2.900m\u00b2 Hydrophobierung<\/li>\n<li style=\"text-align: left;\">154 Stk. T\u00fcrgew\u00f6lbeumrahmung inkl. Verankerung u. Verfugung<\/li>\n<li style=\"text-align: left;\">ca. 530m\u00b2 Herstellen Bodenplatte aus Stahlbeton<\/li>\n<li style=\"text-align: left;\">147m Br\u00fcstungsabdeckungen liefern und montieren)<\/li>\n<li style=\"text-align: left;\">8 Stk. Sitzb\u00e4nke aus Jura Marmor graublau<\/li>\n<li style=\"text-align: left;\">4 Stk. Heizk\u00f6rperverkleidungen<\/li>\n<li style=\"text-align: left;\">ca. 190m Markierungsstreifen aus Beton<\/li>\n<li style=\"text-align: left;\">ca. 3.400m\u00b2m\u00b2 Reinigung<\/li>\n<\/ul>\n<\/div>\n<\/div>\n<\/div>\n<div id=\"panel-340-1-0-1\" class=\"so-panel widget widget_text panel-last-child\" data-index=\"2\" data-style=\"{&quot;widget_css&quot;:&quot;max-width:800px;\\nmargin:0 auto;&quot;,&quot;background_image_attachment&quot;:false,&quot;background_display&quot;:&quot;tile&quot;}\">\n<div class=\"panel-widget-style panel-widget-style-for-340-1-0-1\">\n<div class=\"textwidget\"><a class=\"bttn ap-bg-bttn ap-medium-bttn ap-default-bttn ap-align-none\" href=\"http:\/\/stein-fischer.de\/#section-11\">Zur\u00fcck<\/a><\/div>\n<\/div>\n<\/div>\n<\/div>\n<\/div>\n<\/div>\n","protected":false},"excerpt":{"rendered":"<p>Stresemannstr. 128-130, 10117 Berlin 1913-1916 wurde das Haus Stresemannstra\u00dfe 128 (bis 1930 K\u00f6niggr\u00e4tzer Stra\u00dfe 123) f\u00fcr das Preu\u00dfische Landwirtschaftsministerium als Erweiterungsbau gebaut. Im Zweiten Weltkrieg erlitt das Geb\u00e4ude gro\u00dfe Sch\u00e4den, 1948 wurde das Geb\u00e4ude, innen und au\u00dfen vereinfacht, von der Konsumgenossenschaft Berlin wieder aufgebaut und als Zentralverwaltung genutzt. 1991 wurde das Geb\u00e4ude noch einmal renoviert,&#8230;<\/p>\n","protected":false},"author":1,"featured_media":0,"parent":0,"menu_order":0,"comment_status":"closed","ping_status":"closed","template":"","meta":{"footnotes":""},"class_list":["post-340","page","type-page","status-publish","hentry"],"_links":{"self":[{"href":"https:\/\/stein-fischer.de\/index.php?rest_route=\/wp\/v2\/pages\/340","targetHints":{"allow":["GET"]}}],"collection":[{"href":"https:\/\/stein-fischer.de\/index.php?rest_route=\/wp\/v2\/pages"}],"about":[{"href":"https:\/\/stein-fischer.de\/index.php?rest_route=\/wp\/v2\/types\/page"}],"author":[{"embeddable":true,"href":"https:\/\/stein-fischer.de\/index.php?rest_route=\/wp\/v2\/users\/1"}],"replies":[{"embeddable":true,"href":"https:\/\/stein-fischer.de\/index.php?rest_route=%2Fwp%2Fv2%2Fcomments&post=340"}],"version-history":[{"count":31,"href":"https:\/\/stein-fischer.de\/index.php?rest_route=\/wp\/v2\/pages\/340\/revisions"}],"predecessor-version":[{"id":702,"href":"https:\/\/stein-fischer.de\/index.php?rest_route=\/wp\/v2\/pages\/340\/revisions\/702"}],"wp:attachment":[{"href":"https:\/\/stein-fischer.de\/index.php?rest_route=%2Fwp%2Fv2%2Fmedia&parent=340"}],"curies":[{"name":"wp","href":"https:\/\/api.w.org\/{rel}","templated":true}]}}