{"id":319,"date":"2017-04-28T09:12:58","date_gmt":"2017-04-28T09:12:58","guid":{"rendered":"http:\/\/wp1.stein-fischer.de\/?page_id=319"},"modified":"2025-03-11T14:42:27","modified_gmt":"2025-03-11T13:42:27","slug":"humboldt-universitaet-lichthof-west","status":"publish","type":"page","link":"https:\/\/stein-fischer.de\/?page_id=319","title":{"rendered":"Humboldt-Universit\u00e4t &#8211; Lichthof West"},"content":{"rendered":"<div id=\"pl-319\" class=\"panel-layout\">\n<div id=\"pg-319-0\" class=\"panel-grid panel-no-style\" data-style=\"{&quot;background_display&quot;:&quot;tile&quot;,&quot;cell_alignment&quot;:&quot;flex-start&quot;}\">\n<div id=\"pgc-319-0-0\" class=\"panel-grid-cell\" data-weight=\"1\">\n<div id=\"panel-319-0-0-0\" class=\"so-panel widget widget_metaslider_widget panel-first-child panel-last-child\" data-index=\"0\" data-style=\"{&quot;widget_css&quot;:&quot;max-width:800px;\\nmargin:0 auto;&quot;,&quot;background_display&quot;:&quot;tile&quot;}\">\n<div class=\"panel-widget-style panel-widget-style-for-319-0-0-0\"><div id=\"metaslider-id-332\" style=\"max-width: 800px;\" class=\"ml-slider-3-96-0 metaslider metaslider-flex metaslider-332 ml-slider ms-theme-default\" role=\"region\" aria-roledescription=\"Slideshow\" aria-label=\"HU\">\n    <div id=\"metaslider_container_332\">\n        <div id=\"metaslider_332\">\n            <ul class='slides'>\n                <li style=\"display: block; width: 100%;\" class=\"slide-333 ms-image \" aria-roledescription=\"slide\" aria-label=\"slide-333\" data-date=\"2017-04-28 09:31:20\"><img loading=\"lazy\" decoding=\"async\" src=\"https:\/\/stein-fischer.de\/wp-content\/uploads\/2017\/04\/3-5-552x483.jpg\" height=\"700\" width=\"800\" alt=\"\" class=\"slider-332 slide-333\" \/><\/li>\n                <li style=\"display: none; width: 100%;\" class=\"slide-334 ms-image \" aria-roledescription=\"slide\" aria-label=\"slide-334\" data-date=\"2017-04-28 09:31:45\"><img loading=\"lazy\" decoding=\"async\" src=\"https:\/\/stein-fischer.de\/wp-content\/uploads\/2017\/04\/2-5-769x673.jpg\" height=\"700\" width=\"800\" alt=\"\" class=\"slider-332 slide-334\" \/><\/li>\n                <li style=\"display: none; width: 100%;\" class=\"slide-335 ms-image \" aria-roledescription=\"slide\" aria-label=\"slide-335\" data-date=\"2017-04-28 09:32:10\"><img loading=\"lazy\" decoding=\"async\" src=\"https:\/\/stein-fischer.de\/wp-content\/uploads\/2017\/04\/1-5-452x396.jpg\" height=\"700\" width=\"800\" alt=\"\" class=\"slider-332 slide-335\" \/><\/li>\n            <\/ul>\n        <\/div>\n        \n    <\/div>\n<\/div><\/div>\n<\/div>\n<\/div>\n<\/div>\n<div id=\"pg-319-1\" class=\"panel-grid panel-no-style\" data-style=\"{&quot;background_display&quot;:&quot;tile&quot;,&quot;cell_alignment&quot;:&quot;flex-start&quot;}\">\n<div id=\"pgc-319-1-0\" class=\"panel-grid-cell\" data-weight=\"1\">\n<div id=\"panel-319-1-0-0\" class=\"so-panel widget widget_text panel-first-child\" data-index=\"1\" data-style=\"{&quot;widget_css&quot;:&quot;max-width:800px;\\nmargin:0 auto;&quot;,&quot;background_display&quot;:&quot;tile&quot;}\">\n<div class=\"panel-widget-style panel-widget-style-for-319-1-0-0\">\n<div class=\"textwidget\">\n<p>Unter den Linden 6, 10099 Berlin<\/p>\n<p><strong>Denkmalart: Einzeldenkmal (seit 1975)<\/strong><br \/>\n1748 bis 1749 wurde das Geb\u00e4ude als Palais des Prinzen Heinrich, nach den Pl\u00e4nen von Johann Boumann errichtet. Boumann st\u00fctzte diese auf die Entw\u00fcrfen von Georg Wenzeslaus von Knobelsdorff, der unteranderem die Bebauung des Platzes am Opernhaus, heute Bebelplatz (siehe Referenz Kommode) plante. Nach einer Unterbrechung, w\u00e4hrend des Siebenj\u00e4hrigen Krieges, konnte das Geb\u00e4ude 1766 vollst\u00e4ndig fertiggestellt werden. 1809 gr\u00fcndete man die Berliner Universit\u00e4t. Daraus wurde die Friedrich-Wilhelms-Universit\u00e4t, ihren damaligen Namen bekam sie da der preu\u00dfische K\u00f6nig Friedrich Wilhelm III das Geb\u00e4ude der Universit\u00e4t widmete. 1810 nahm sie den Lehrbetrieb, mit 256 Studenten und 52 Lehrenden, auf. 1836 bis 1846 sowie 1892 passte man das Innere an die Erfordernisse der Universit\u00e4t an. Die beiden Seitenfl\u00fcge Richtung Norden wurde zwischen 1913 und 1920 vom Berliner Stadtbaurat Ludwig Hoffman verl\u00e4ngert. Durch die Bombenangriffe im Zweiten Weltkrieg vom 24. November 1943 bis 19. Juli 1944 wurde das Geb\u00e4ude fast vollst\u00e4ndig zerst\u00f6rt, was dazu f\u00fchrte, dass der Lehrbetrieb 1945 in den R\u00e4umen des provisorisch wiederinstandgesetzten Westfl\u00fcgels stattfand. In zwei Bauphasen baute man die Universit\u00e4t nach historischem Vorbild wieder auf: 1947 bis 1954 den Mitteltrakt und 1958 bis 1962 den Ostfl\u00fcgel.<\/p>\n<p><strong>Ausgef\u00fchrte Arbeiten:<\/strong><\/p>\n<p>Der Bestandboden des Lichthofs wurde bearbeitet, wobei Kleberreste und \u00dcberreste des Ausgleichs abgeschliffen wurden. Vereinzelt wurden Bestandsfliesen ausgetauscht, und durch noch vorhandenes oder neues Material ersetzt, oder durch Antragungen sowie Kittungen repariert. Der Bodenbelag wurde mit vier verschiedenen K\u00f6rnungen grob abgeschliffen, dann poliert und geh\u00e4rtet. Fugen wurden dann elastisch geschlossen und der Boden ein gepflegt. In dem Bereich der Neuverlegung wurde der Untergrund gereinigt und dort wo es n\u00f6tig war, mit einer Haftbr\u00fccke versehen. Den Boden selbst verlegte man zweifarbig im Schachbrettmuster mit mittigem Fries, z.B. auf Heizestrich im Mittelbett aus hydraulisch erh\u00e4rtendem M\u00f6rtel oder z. B. in D\u00fcnnbett aus speziellem D\u00fcnnbettkleber im Quadratverband, diagonal mit Kreuzfugen auf ebenen Untergrund, um dann mit Portlandpuzzolanzement-Fugenm\u00f6rtel zu verfugen. Der Bestandssockel aus Sandstein wurde gereinigt, von Verschw\u00e4rzungen sowie mehrlagiger Farbschicht mittels Abbeizer befreit und retuschiert. Zus\u00e4tzliche Arbeit wie z.B. Platten kalibrieren und auf die Deckel der Bodentanks kleben, Vierungen an der Leibung der Bestandbekleidung erstellen und einbauen, Trennschienen aus Messingschienen einbauen und Scharrierungen auf Sandstein herstellen, wurden ebenfalls durchgef\u00fchrt.<\/p>\n<p><strong>Zusammengefasste Mengen:<\/strong><\/p>\n<ul style=\"float: left;\">\n<li style=\"text-align: left;\">ca. 133m\u00b2 Kleber und Ausgleisschicht mechanisch entfernt<\/li>\n<li style=\"text-align: left;\">ca. 133m\u00b2 schleifen der Bestandplatten<\/li>\n<li style=\"text-align: left;\">ca. 700m Verfugung<\/li>\n<li style=\"text-align: left;\">ca. 640m\u00b2 Reinigung Untergrund<\/li>\n<li style=\"text-align: left;\">ca. 611m\u00b2 Haftbr\u00fccke<\/li>\n<li style=\"text-align: left;\">ca. 1330m\u00b2 Verlegung Natursteinbelag, inkl. Fries<\/li>\n<li style=\"text-align: left;\">ca. 29m\u00b2 Retusche<\/li>\n<li style=\"text-align: left;\">138 Stk. nicht reparable Bodenfliesen ausgebaut und mit Altbestand ersetzt<\/li>\n<li style=\"text-align: left;\">68 Stk. nicht reparable Bodenfliesen ausgebaut und mit Neumaterial ersetzt<\/li>\n<li style=\"text-align: left;\">138 Stk. reparable Bodenfliesen ausgebaut, repariert und neu verlegt<\/li>\n<li style=\"text-align: left;\">917 Stk. Ausbr\u00fcche mittels Steinkitt behoben<\/li>\n<li style=\"text-align: left;\">133m\u00b2 Fugen ausgefr\u00e4st und neu verfugt<\/li>\n<li style=\"text-align: left;\">37 Stk. Bohrung in kalibrierte Platte (Abdeckungen f\u00fcr Bodentanks)<\/li>\n<li style=\"text-align: left;\">209 Stk. Ausklinkungen an Randplatten<\/li>\n<li style=\"text-align: left;\">28 Stk. Trennschienen eingebaut<\/li>\n<\/ul>\n<\/div>\n<\/div>\n<\/div>\n<div id=\"panel-319-1-0-1\" class=\"so-panel widget widget_text panel-last-child\" data-index=\"2\" data-style=\"{&quot;widget_css&quot;:&quot;max-width:800px;\\nmargin:0 auto;&quot;,&quot;background_image_attachment&quot;:false,&quot;background_display&quot;:&quot;tile&quot;}\">\n<div class=\"panel-widget-style panel-widget-style-for-319-1-0-1\">\n<div class=\"textwidget\"><a class=\"bttn ap-bg-bttn ap-medium-bttn ap-default-bttn ap-align-none\" href=\"http:\/\/stein-fischer.de\/#section-11\">Zur\u00fcck<\/a><\/div>\n<\/div>\n<\/div>\n<\/div>\n<\/div>\n<\/div>\n","protected":false},"excerpt":{"rendered":"<p>Unter den Linden 6, 10099 Berlin Denkmalart: Einzeldenkmal (seit 1975) 1748 bis 1749 wurde das Geb\u00e4ude als Palais des Prinzen Heinrich, nach den Pl\u00e4nen von Johann Boumann errichtet. Boumann st\u00fctzte diese auf die Entw\u00fcrfen von Georg Wenzeslaus von Knobelsdorff, der unteranderem die Bebauung des Platzes am Opernhaus, heute Bebelplatz (siehe Referenz Kommode) plante. Nach einer&#8230;<\/p>\n","protected":false},"author":1,"featured_media":0,"parent":0,"menu_order":0,"comment_status":"closed","ping_status":"closed","template":"","meta":{"footnotes":""},"class_list":["post-319","page","type-page","status-publish","hentry"],"_links":{"self":[{"href":"https:\/\/stein-fischer.de\/index.php?rest_route=\/wp\/v2\/pages\/319","targetHints":{"allow":["GET"]}}],"collection":[{"href":"https:\/\/stein-fischer.de\/index.php?rest_route=\/wp\/v2\/pages"}],"about":[{"href":"https:\/\/stein-fischer.de\/index.php?rest_route=\/wp\/v2\/types\/page"}],"author":[{"embeddable":true,"href":"https:\/\/stein-fischer.de\/index.php?rest_route=\/wp\/v2\/users\/1"}],"replies":[{"embeddable":true,"href":"https:\/\/stein-fischer.de\/index.php?rest_route=%2Fwp%2Fv2%2Fcomments&post=319"}],"version-history":[{"count":28,"href":"https:\/\/stein-fischer.de\/index.php?rest_route=\/wp\/v2\/pages\/319\/revisions"}],"predecessor-version":[{"id":700,"href":"https:\/\/stein-fischer.de\/index.php?rest_route=\/wp\/v2\/pages\/319\/revisions\/700"}],"wp:attachment":[{"href":"https:\/\/stein-fischer.de\/index.php?rest_route=%2Fwp%2Fv2%2Fmedia&parent=319"}],"curies":[{"name":"wp","href":"https:\/\/api.w.org\/{rel}","templated":true}]}}