{"id":299,"date":"2017-04-28T08:52:49","date_gmt":"2017-04-28T08:52:49","guid":{"rendered":"http:\/\/wp1.stein-fischer.de\/?page_id=299"},"modified":"2025-03-11T14:41:52","modified_gmt":"2025-03-11T13:41:52","slug":"hessische-landesvertretung","status":"publish","type":"page","link":"https:\/\/stein-fischer.de\/?page_id=299","title":{"rendered":"Hessische Landesvertretung"},"content":{"rendered":"<div id=\"pl-299\" class=\"panel-layout\">\n<div id=\"pg-299-0\" class=\"panel-grid panel-no-style\" data-style=\"{&quot;background_display&quot;:&quot;tile&quot;,&quot;cell_alignment&quot;:&quot;flex-start&quot;}\">\n<div id=\"pgc-299-0-0\" class=\"panel-grid-cell\" data-weight=\"1\">\n<div id=\"panel-299-0-0-0\" class=\"so-panel widget widget_metaslider_widget panel-first-child panel-last-child\" data-index=\"0\" data-style=\"{&quot;widget_css&quot;:&quot;max-width:800px;\\nmargin:0 auto;&quot;,&quot;background_display&quot;:&quot;tile&quot;}\">\n<div class=\"panel-widget-style panel-widget-style-for-299-0-0-0\"><div id=\"metaslider-id-306\" style=\"max-width: 800px;\" class=\"ml-slider-3-96-0 metaslider metaslider-flex metaslider-306 ml-slider ms-theme-default\" role=\"region\" aria-roledescription=\"Slideshow\" aria-label=\"Hessische LV\">\n    <div id=\"metaslider_container_306\">\n        <div id=\"metaslider_306\">\n            <ul class='slides'>\n                <li style=\"display: block; width: 100%;\" class=\"slide-307 ms-image \" aria-roledescription=\"slide\" aria-label=\"slide-307\" data-date=\"2017-04-28 09:07:08\"><img loading=\"lazy\" decoding=\"async\" src=\"https:\/\/stein-fischer.de\/wp-content\/uploads\/2017\/04\/4-5.jpg\" height=\"600\" width=\"800\" alt=\"\" class=\"slider-306 slide-307\" \/><\/li>\n                <li style=\"display: none; width: 100%;\" class=\"slide-308 ms-image \" aria-roledescription=\"slide\" aria-label=\"slide-308\" data-date=\"2017-04-28 09:07:26\"><img loading=\"lazy\" decoding=\"async\" src=\"https:\/\/stein-fischer.de\/wp-content\/uploads\/2017\/04\/3-6.jpg\" height=\"600\" width=\"800\" alt=\"\" class=\"slider-306 slide-308\" \/><\/li>\n                <li style=\"display: none; width: 100%;\" class=\"slide-309 ms-image \" aria-roledescription=\"slide\" aria-label=\"slide-309\" data-date=\"2017-04-28 09:07:31\"><img loading=\"lazy\" decoding=\"async\" src=\"https:\/\/stein-fischer.de\/wp-content\/uploads\/2017\/04\/2-6.jpg\" height=\"600\" width=\"800\" alt=\"\" class=\"slider-306 slide-309\" \/><\/li>\n                <li style=\"display: none; width: 100%;\" class=\"slide-310 ms-image \" aria-roledescription=\"slide\" aria-label=\"slide-310\" data-date=\"2017-04-28 09:07:46\"><img loading=\"lazy\" decoding=\"async\" src=\"https:\/\/stein-fischer.de\/wp-content\/uploads\/2017\/04\/1-6.jpg\" height=\"600\" width=\"800\" alt=\"\" class=\"slider-306 slide-310\" \/><\/li>\n            <\/ul>\n        <\/div>\n        \n    <\/div>\n<\/div><\/div>\n<\/div>\n<\/div>\n<\/div>\n<div id=\"pg-299-1\" class=\"panel-grid panel-no-style\" data-style=\"{&quot;background_display&quot;:&quot;tile&quot;,&quot;cell_alignment&quot;:&quot;flex-start&quot;}\">\n<div id=\"pgc-299-1-0\" class=\"panel-grid-cell\" data-weight=\"1\">\n<div id=\"panel-299-1-0-0\" class=\"so-panel widget widget_text panel-first-child\" data-index=\"1\" data-style=\"{&quot;widget_css&quot;:&quot;max-width:800px;\\nmargin:0 auto;&quot;,&quot;background_display&quot;:&quot;tile&quot;}\">\n<div class=\"panel-widget-style panel-widget-style-for-299-1-0-0\">\n<div class=\"textwidget\">\n<p>In den Ministerg\u00e4rten 5, 10117 Berlin<\/p>\n<p>Im Dezember 1997 erwarb die Landesregierung Hessens das Grundst\u00fcck in den Ministerg\u00e4rten. F\u00fcr die Gestaltung des Geb\u00e4udes fand ein Architektenwettbewerb statt den im August 1998 Frankfurter Architekten Michael Christl und Joachim Bruchh\u00e4user gewannen. Am 31. Mai 2001 wurde, nach zwei-j\u00e4hriger Bauzeit, das Geb\u00e4ude er\u00f6ffnet. Juli 2005 erwarb das Land Hessen das ca. 4.00m\u00b2 gro\u00dfe Nachbargrundst\u00fcck dazu.<\/p>\n<p><strong>Ausgef\u00fchrte Arbeiten:<\/strong><\/p>\n<ul style=\"float: left;\">\n<li style=\"text-align: left;\">Demontieren der Natursteinfassadenplatten zur Wiederverwendung, zzgl. Teildemontage von Mineralfaserd\u00e4mmstoffen und Neumontage nach Ert\u00fcchtigung der Unterkonstruktion<\/li>\n<li style=\"text-align: left;\">Fachgerechtes Setzten der neu gelieferten Edelstahlhalterung sowie \u00f6rtliche Anfertigung der Ankertaschen<\/li>\n<li style=\"text-align: left;\">Montage der zur Wiederverwendung eingelagerten Natursteinfassadenplatten<\/li>\n<\/ul>\n<p><strong>Zusammengefasste Mengen:<\/strong><\/p>\n<ul style=\"float: left;\">\n<li style=\"text-align: left;\">ca. 415m\u00b2 Demontage Naturstein<\/li>\n<li style=\"text-align: left;\">ca. 70m\u00b2 Demontage D\u00e4mmung<\/li>\n<li style=\"text-align: left;\">ca. 415m\u00b2 Edelstahlunterkonstruktion<\/li>\n<li style=\"text-align: left;\">ca. 415m\u00b2 Montage Naturstein<\/li>\n<li style=\"text-align: left;\">ca. 70m\u00b2 Montage neue D\u00e4mmung<\/li>\n<li style=\"text-align: left;\">ca. 992 Stk. Ankerdornl\u00f6cher<\/li>\n<li style=\"text-align: left;\">ca. 1.841 Stk. Ankertaschen<\/li>\n<\/ul>\n<\/div>\n<\/div>\n<\/div>\n<div id=\"panel-299-1-0-1\" class=\"so-panel widget widget_text panel-last-child\" data-index=\"2\" data-style=\"{&quot;widget_css&quot;:&quot;max-width:800px;\\nmargin:0 auto;&quot;,&quot;background_image_attachment&quot;:false,&quot;background_display&quot;:&quot;tile&quot;}\">\n<div class=\"panel-widget-style panel-widget-style-for-299-1-0-1\">\n<div class=\"textwidget\"><a class=\"bttn ap-bg-bttn ap-medium-bttn ap-default-bttn ap-align-none\" href=\"http:\/\/stein-fischer.de\/#section-11\">Zur\u00fcck<\/a><\/div>\n<\/div>\n<\/div>\n<\/div>\n<\/div>\n<\/div>\n","protected":false},"excerpt":{"rendered":"<p>In den Ministerg\u00e4rten 5, 10117 Berlin Im Dezember 1997 erwarb die Landesregierung Hessens das Grundst\u00fcck in den Ministerg\u00e4rten. F\u00fcr die Gestaltung des Geb\u00e4udes fand ein Architektenwettbewerb statt den im August 1998 Frankfurter Architekten Michael Christl und Joachim Bruchh\u00e4user gewannen. Am 31. Mai 2001 wurde, nach zwei-j\u00e4hriger Bauzeit, das Geb\u00e4ude er\u00f6ffnet. Juli 2005 erwarb das Land&#8230;<\/p>\n","protected":false},"author":1,"featured_media":0,"parent":0,"menu_order":0,"comment_status":"closed","ping_status":"closed","template":"","meta":{"footnotes":""},"class_list":["post-299","page","type-page","status-publish","hentry"],"_links":{"self":[{"href":"https:\/\/stein-fischer.de\/index.php?rest_route=\/wp\/v2\/pages\/299","targetHints":{"allow":["GET"]}}],"collection":[{"href":"https:\/\/stein-fischer.de\/index.php?rest_route=\/wp\/v2\/pages"}],"about":[{"href":"https:\/\/stein-fischer.de\/index.php?rest_route=\/wp\/v2\/types\/page"}],"author":[{"embeddable":true,"href":"https:\/\/stein-fischer.de\/index.php?rest_route=\/wp\/v2\/users\/1"}],"replies":[{"embeddable":true,"href":"https:\/\/stein-fischer.de\/index.php?rest_route=%2Fwp%2Fv2%2Fcomments&post=299"}],"version-history":[{"count":26,"href":"https:\/\/stein-fischer.de\/index.php?rest_route=\/wp\/v2\/pages\/299\/revisions"}],"predecessor-version":[{"id":699,"href":"https:\/\/stein-fischer.de\/index.php?rest_route=\/wp\/v2\/pages\/299\/revisions\/699"}],"wp:attachment":[{"href":"https:\/\/stein-fischer.de\/index.php?rest_route=%2Fwp%2Fv2%2Fmedia&parent=299"}],"curies":[{"name":"wp","href":"https:\/\/api.w.org\/{rel}","templated":true}]}}