{"id":155,"date":"2017-04-27T09:12:57","date_gmt":"2017-04-27T09:12:57","guid":{"rendered":"http:\/\/wp1.stein-fischer.de\/?page_id=155"},"modified":"2025-03-11T14:39:19","modified_gmt":"2025-03-11T13:39:19","slug":"staatsbibliothek-zu-berlin-haus-1-unter-den-linden-8","status":"publish","type":"page","link":"https:\/\/stein-fischer.de\/?page_id=155","title":{"rendered":"Staatsbibliothek zu Berlin, Haus 1, Unter den Linden 8"},"content":{"rendered":"<div id=\"pl-155\" class=\"panel-layout\">\n<div id=\"pg-155-0\" class=\"panel-grid panel-no-style\" data-style=\"{&quot;background_display&quot;:&quot;tile&quot;,&quot;cell_alignment&quot;:&quot;flex-start&quot;}\">\n<div id=\"pgc-155-0-0\" class=\"panel-grid-cell\" data-weight=\"1\">\n<div id=\"panel-155-0-0-0\" class=\"so-panel widget widget_metaslider_widget panel-first-child panel-last-child\" data-index=\"0\" data-style=\"{&quot;widget_css&quot;:&quot;max-width:800px;\\nmargin:0 auto;&quot;,&quot;background_display&quot;:&quot;tile&quot;}\">\n<div class=\"panel-widget-style panel-widget-style-for-155-0-0-0\"><div id=\"metaslider-id-192\" style=\"max-width: 800px;\" class=\"ml-slider-3-96-0 metaslider metaslider-flex metaslider-192 ml-slider ms-theme-default\" role=\"region\" aria-roledescription=\"Slideshow\" aria-label=\"Staabi\">\n    <div id=\"metaslider_container_192\">\n        <div id=\"metaslider_192\">\n            <ul class='slides'>\n                <li style=\"display: block; width: 100%;\" class=\"slide-193 ms-image \" aria-roledescription=\"slide\" aria-label=\"slide-193\" data-date=\"2017-04-27 12:01:20\"><img loading=\"lazy\" decoding=\"async\" src=\"https:\/\/stein-fischer.de\/wp-content\/uploads\/2017\/04\/1-2.jpg\" height=\"600\" width=\"800\" alt=\"\" class=\"slider-192 slide-193\" \/><\/li>\n                <li style=\"display: none; width: 100%;\" class=\"slide-194 ms-image \" aria-roledescription=\"slide\" aria-label=\"slide-194\" data-date=\"2017-04-27 12:01:33\"><img loading=\"lazy\" decoding=\"async\" src=\"https:\/\/stein-fischer.de\/wp-content\/uploads\/2017\/04\/3-2.jpg\" height=\"600\" width=\"800\" alt=\"\" class=\"slider-192 slide-194\" \/><\/li>\n                <li style=\"display: none; width: 100%;\" class=\"slide-195 ms-image \" aria-roledescription=\"slide\" aria-label=\"slide-195\" data-date=\"2017-04-27 12:01:38\"><img loading=\"lazy\" decoding=\"async\" src=\"https:\/\/stein-fischer.de\/wp-content\/uploads\/2017\/04\/4-2.jpg\" height=\"600\" width=\"800\" alt=\"\" class=\"slider-192 slide-195\" \/><\/li>\n                <li style=\"display: none; width: 100%;\" class=\"slide-196 ms-image \" aria-roledescription=\"slide\" aria-label=\"slide-196\" data-date=\"2017-04-27 12:01:44\"><img loading=\"lazy\" decoding=\"async\" src=\"https:\/\/stein-fischer.de\/wp-content\/uploads\/2017\/04\/6-1.jpg\" height=\"600\" width=\"800\" alt=\"\" class=\"slider-192 slide-196\" \/><\/li>\n                <li style=\"display: none; width: 100%;\" class=\"slide-197 ms-image \" aria-roledescription=\"slide\" aria-label=\"slide-197\" data-date=\"2017-04-27 12:01:48\"><img loading=\"lazy\" decoding=\"async\" src=\"https:\/\/stein-fischer.de\/wp-content\/uploads\/2017\/04\/8-1.jpg\" height=\"600\" width=\"800\" alt=\"\" class=\"slider-192 slide-197\" \/><\/li>\n                <li style=\"display: none; width: 100%;\" class=\"slide-198 ms-image \" aria-roledescription=\"slide\" aria-label=\"slide-198\" data-date=\"2017-04-27 12:01:53\"><img loading=\"lazy\" decoding=\"async\" src=\"https:\/\/stein-fischer.de\/wp-content\/uploads\/2017\/04\/7-1-500x375.jpg\" height=\"600\" width=\"800\" alt=\"\" class=\"slider-192 slide-198\" \/><\/li>\n                <li style=\"display: none; width: 100%;\" class=\"slide-199 ms-image \" aria-roledescription=\"slide\" aria-label=\"slide-199\" data-date=\"2017-04-27 12:01:58\"><img loading=\"lazy\" decoding=\"async\" src=\"https:\/\/stein-fischer.de\/wp-content\/uploads\/2017\/04\/5-2.jpg\" height=\"600\" width=\"800\" alt=\"\" class=\"slider-192 slide-199\" \/><\/li>\n                <li style=\"display: none; width: 100%;\" class=\"slide-200 ms-image \" aria-roledescription=\"slide\" aria-label=\"slide-200\" data-date=\"2017-04-27 12:02:25\"><img loading=\"lazy\" decoding=\"async\" src=\"https:\/\/stein-fischer.de\/wp-content\/uploads\/2017\/04\/2-2-500x375.jpg\" height=\"600\" width=\"800\" alt=\"\" class=\"slider-192 slide-200\" \/><\/li>\n            <\/ul>\n        <\/div>\n        \n    <\/div>\n<\/div><\/div>\n<\/div>\n<\/div>\n<\/div>\n<div id=\"pg-155-1\" class=\"panel-grid panel-no-style\" data-style=\"{&quot;background_display&quot;:&quot;tile&quot;,&quot;cell_alignment&quot;:&quot;flex-start&quot;}\">\n<div id=\"pgc-155-1-0\" class=\"panel-grid-cell\" data-weight=\"1\">\n<div id=\"panel-155-1-0-0\" class=\"so-panel widget widget_text panel-first-child\" data-index=\"1\" data-style=\"{&quot;widget_css&quot;:&quot;max-width:800px;\\nmargin:0 auto;&quot;,&quot;background_display&quot;:&quot;tile&quot;}\">\n<div class=\"panel-widget-style panel-widget-style-for-155-1-0-0\">\n<div class=\"textwidget\">\n<p><strong>1. Bauabschnitt, Sanierung der Stra\u00dfenfassade<\/strong><\/p>\n<p>Erbaut 1903-1914 Architekt Ernst von Ihne, Bauausf\u00fchrung Anton Adams<\/p>\n<p><strong>Denkmalart: Stiftung Preu\u00dfischer Kulturbesitz<\/strong> &#8211; Als eines der letzten repr\u00e4sentativen Geb\u00e4ude im wilhelminischen Baustil steht das gesamte Geb\u00e4ude unter Denkmalschutz. Der gr\u00f6\u00dfte Geb\u00e4udekomplex in Berlin-Mitte geh\u00f6rt zu den bedeutendsten Bibliotheken der Welt und ist das Stammhaus der gr\u00f6\u00dften deutschen Universit\u00e4tsbibliothek.<\/p>\n<p><strong>Aufgabenstellung:<\/strong><\/p>\n<p>Grundinstandsetzung des Altbaus unter Aufrechterhaltung des Bibliotheksbetriebes. Denkmalgerechte Reinigung, Konservierung sowie Restaurierung der monumentalen Stra\u00dfenfassade aus Schlesischen Sandstein sowie der massiven Sockel aus B\u00fcchelberger Granit. Fassadenert\u00fcchtigung, statisch-konstruktive Instandsetzung durch vollfl\u00e4chige Vernadelung der Sandsteinschale mit der Hintermauerung sowie Hohlraumverf\u00fcllung mittels Injektions-Niederdruckverfahren \u00fcber Packer. Sicherung von Fassadenelementen durch Rissverpressung. Balustradensanierung: Balustradensicherung mittels Edelstahlanbindung an den Obergurten Sanierung und optische Aufarbeitung der Natursteinfassaden inkl. Metallbau und Klempnerarbeiten. Die Ma\u00dfnahmekartierung f\u00fcr jeden Fassadenabschnitt wurde erarbeitet.<\/p>\n<p><strong>Ausgef\u00fchrte Arbeiten:<\/strong><\/p>\n<ul style=\"float: left;\">\n<li style=\"text-align: left;\">5.000 m\u00b2 Reinigung der Fassadenfl\u00e4chen im Partikelstrahlverfahren<\/li>\n<li style=\"text-align: left;\">1.300 lfdm. Erneuerung s\u00e4mtlicher Kupferverblechungen<\/li>\n<li style=\"text-align: left;\">13.000 m Fugensanierung gesamte Fassade<\/li>\n<li style=\"text-align: left;\">ca. 3.500 Stk. Steinerg\u00e4nzungen im Naturstein<\/li>\n<li style=\"text-align: left;\">ca. 20 m\u00b3 Austausch von Naturwerksteinst\u00fccken<\/li>\n<li style=\"text-align: left;\">ca. 50 m\u00b3 Montage von Massivbauteilen<\/li>\n<li style=\"text-align: left;\">Austausch von Naturwerksteinst\u00fccken in dem Granitsockel der Stra\u00dfenfassade<\/li>\n<li style=\"text-align: left;\">ca. 100 lfdm Risssanierung in den Sturzbereichen<\/li>\n<li style=\"text-align: left;\">ca. 6.500 Edelstahlgewindeanker zur Vernadelung der Fassade<\/li>\n<li style=\"text-align: left;\">Restaurierung und Konservierung der Skulpturen und Kolossalvasen<\/li>\n<\/ul>\n<\/div>\n<\/div>\n<\/div>\n<div id=\"panel-155-1-0-1\" class=\"so-panel widget widget_text panel-last-child\" data-index=\"2\" data-style=\"{&quot;widget_css&quot;:&quot;max-width:800px;\\nmargin:0 auto;&quot;,&quot;background_image_attachment&quot;:false,&quot;background_display&quot;:&quot;tile&quot;}\">\n<div class=\"panel-widget-style panel-widget-style-for-155-1-0-1\">\n<div class=\"textwidget\">\n<p><a class=\"bttn ap-bg-bttn ap-medium-bttn ap-default-bttn ap-align-none\" href=\"http:\/\/stein-fischer.de\/#section-11\">Zur\u00fcck<\/a><\/p>\n<\/div>\n<\/div>\n<\/div>\n<\/div>\n<\/div>\n<\/div>\n","protected":false},"excerpt":{"rendered":"<p>1. Bauabschnitt, Sanierung der Stra\u00dfenfassade Erbaut 1903-1914 Architekt Ernst von Ihne, Bauausf\u00fchrung Anton Adams Denkmalart: Stiftung Preu\u00dfischer Kulturbesitz &#8211; Als eines der letzten repr\u00e4sentativen Geb\u00e4ude im wilhelminischen Baustil steht das gesamte Geb\u00e4ude unter Denkmalschutz. Der gr\u00f6\u00dfte Geb\u00e4udekomplex in Berlin-Mitte geh\u00f6rt zu den bedeutendsten Bibliotheken der Welt und ist das Stammhaus der gr\u00f6\u00dften deutschen Universit\u00e4tsbibliothek. Aufgabenstellung:&#8230;<\/p>\n","protected":false},"author":1,"featured_media":0,"parent":0,"menu_order":0,"comment_status":"closed","ping_status":"closed","template":"","meta":{"footnotes":""},"class_list":["post-155","page","type-page","status-publish","hentry"],"_links":{"self":[{"href":"https:\/\/stein-fischer.de\/index.php?rest_route=\/wp\/v2\/pages\/155","targetHints":{"allow":["GET"]}}],"collection":[{"href":"https:\/\/stein-fischer.de\/index.php?rest_route=\/wp\/v2\/pages"}],"about":[{"href":"https:\/\/stein-fischer.de\/index.php?rest_route=\/wp\/v2\/types\/page"}],"author":[{"embeddable":true,"href":"https:\/\/stein-fischer.de\/index.php?rest_route=\/wp\/v2\/users\/1"}],"replies":[{"embeddable":true,"href":"https:\/\/stein-fischer.de\/index.php?rest_route=%2Fwp%2Fv2%2Fcomments&post=155"}],"version-history":[{"count":25,"href":"https:\/\/stein-fischer.de\/index.php?rest_route=\/wp\/v2\/pages\/155\/revisions"}],"predecessor-version":[{"id":696,"href":"https:\/\/stein-fischer.de\/index.php?rest_route=\/wp\/v2\/pages\/155\/revisions\/696"}],"wp:attachment":[{"href":"https:\/\/stein-fischer.de\/index.php?rest_route=%2Fwp%2Fv2%2Fmedia&parent=155"}],"curies":[{"name":"wp","href":"https:\/\/api.w.org\/{rel}","templated":true}]}}