{"id":102,"date":"2017-04-27T08:14:14","date_gmt":"2017-04-27T08:14:14","guid":{"rendered":"http:\/\/wp1.stein-fischer.de\/?page_id=102"},"modified":"2025-03-11T14:38:35","modified_gmt":"2025-03-11T13:38:35","slug":"strassmannstr-14-berlin-friedrichshain","status":"publish","type":"page","link":"https:\/\/stein-fischer.de\/?page_id=102","title":{"rendered":"Stra\u00dfmannstr. 14, Berlin-Friedrichshain"},"content":{"rendered":"<div id=\"pl-102\" class=\"panel-layout\">\n<div id=\"pg-102-0\" class=\"panel-grid panel-no-style\" data-style=\"{&quot;background_display&quot;:&quot;tile&quot;,&quot;cell_alignment&quot;:&quot;flex-start&quot;}\">\n<div id=\"pgc-102-0-0\" class=\"panel-grid-cell\" data-weight=\"1\">\n<div id=\"panel-102-0-0-0\" class=\"so-panel widget widget_metaslider_widget panel-first-child panel-last-child\" data-index=\"0\" data-style=\"{&quot;widget_css&quot;:&quot;max-width:800px;\\nmargin:0 auto;&quot;,&quot;background_display&quot;:&quot;tile&quot;}\">\n<div class=\"panel-widget-style panel-widget-style-for-102-0-0-0\"><div id=\"metaslider-id-175\" style=\"max-width: 800px;\" class=\"ml-slider-3-96-0 metaslider metaslider-flex metaslider-175 ml-slider ms-theme-default\" role=\"region\" aria-roledescription=\"Slideshow\" aria-label=\"Stra\u00dfmannstr\">\n    <div id=\"metaslider_container_175\">\n        <div id=\"metaslider_175\">\n            <ul class='slides'>\n                <li style=\"display: block; width: 100%;\" class=\"slide-176 ms-image \" aria-roledescription=\"slide\" aria-label=\"slide-176\" data-date=\"2017-04-27 11:44:01\"><img loading=\"lazy\" decoding=\"async\" src=\"https:\/\/stein-fischer.de\/wp-content\/uploads\/2017\/04\/8-500x375.jpg\" height=\"600\" width=\"800\" alt=\"\" class=\"slider-175 slide-176\" \/><\/li>\n                <li style=\"display: none; width: 100%;\" class=\"slide-177 ms-image \" aria-roledescription=\"slide\" aria-label=\"slide-177\" data-date=\"2017-04-27 11:44:24\"><img loading=\"lazy\" decoding=\"async\" src=\"https:\/\/stein-fischer.de\/wp-content\/uploads\/2017\/04\/1-1-e1499678582614.jpg\" height=\"600\" width=\"800\" alt=\"\" class=\"slider-175 slide-177\" \/><\/li>\n                <li style=\"display: none; width: 100%;\" class=\"slide-178 ms-image \" aria-roledescription=\"slide\" aria-label=\"slide-178\" data-date=\"2017-04-27 11:44:36\"><img loading=\"lazy\" decoding=\"async\" src=\"https:\/\/stein-fischer.de\/wp-content\/uploads\/2017\/04\/3-1-453x339.jpg\" height=\"600\" width=\"800\" alt=\"\" class=\"slider-175 slide-178\" \/><\/li>\n                <li style=\"display: none; width: 100%;\" class=\"slide-179 ms-image \" aria-roledescription=\"slide\" aria-label=\"slide-179\" data-date=\"2017-04-27 11:44:54\"><img loading=\"lazy\" decoding=\"async\" src=\"https:\/\/stein-fischer.de\/wp-content\/uploads\/2017\/04\/4-1-500x375.jpg\" height=\"600\" width=\"800\" alt=\"\" class=\"slider-175 slide-179\" \/><\/li>\n                <li style=\"display: none; width: 100%;\" class=\"slide-180 ms-image \" aria-roledescription=\"slide\" aria-label=\"slide-180\" data-date=\"2017-04-27 11:45:04\"><img loading=\"lazy\" decoding=\"async\" src=\"https:\/\/stein-fischer.de\/wp-content\/uploads\/2017\/04\/6.jpg\" height=\"600\" width=\"800\" alt=\"\" class=\"slider-175 slide-180\" \/><\/li>\n                <li style=\"display: none; width: 100%;\" class=\"slide-181 ms-image \" aria-roledescription=\"slide\" aria-label=\"slide-181\" data-date=\"2017-04-27 11:45:16\"><img loading=\"lazy\" decoding=\"async\" src=\"https:\/\/stein-fischer.de\/wp-content\/uploads\/2017\/04\/9.jpg\" height=\"600\" width=\"800\" alt=\"\" class=\"slider-175 slide-181\" \/><\/li>\n                <li style=\"display: none; width: 100%;\" class=\"slide-182 ms-image \" aria-roledescription=\"slide\" aria-label=\"slide-182\" data-date=\"2017-04-27 11:45:27\"><img loading=\"lazy\" decoding=\"async\" src=\"https:\/\/stein-fischer.de\/wp-content\/uploads\/2017\/04\/10-500x375.jpg\" height=\"600\" width=\"800\" alt=\"\" class=\"slider-175 slide-182\" \/><\/li>\n                <li style=\"display: none; width: 100%;\" class=\"slide-183 ms-image \" aria-roledescription=\"slide\" aria-label=\"slide-183\" data-date=\"2017-04-27 11:46:34\"><img loading=\"lazy\" decoding=\"async\" src=\"https:\/\/stein-fischer.de\/wp-content\/uploads\/2017\/04\/7-500x375.jpg\" height=\"600\" width=\"800\" alt=\"\" class=\"slider-175 slide-183\" \/><\/li>\n                <li style=\"display: none; width: 100%;\" class=\"slide-186 ms-image \" aria-roledescription=\"slide\" aria-label=\"slide-186\" data-date=\"2017-04-27 11:48:31\"><img loading=\"lazy\" decoding=\"async\" src=\"https:\/\/stein-fischer.de\/wp-content\/uploads\/2017\/04\/2-1-500x375.jpg\" height=\"600\" width=\"800\" alt=\"\" class=\"slider-175 slide-186\" \/><\/li>\n                <li style=\"display: none; width: 100%;\" class=\"slide-187 ms-image \" aria-roledescription=\"slide\" aria-label=\"slide-187\" data-date=\"2017-04-27 11:49:10\"><img loading=\"lazy\" decoding=\"async\" src=\"https:\/\/stein-fischer.de\/wp-content\/uploads\/2017\/04\/5-1.jpg\" height=\"600\" width=\"800\" alt=\"\" class=\"slider-175 slide-187\" \/><\/li>\n            <\/ul>\n        <\/div>\n        \n    <\/div>\n<\/div><\/div>\n<\/div>\n<\/div>\n<\/div>\n<div id=\"pg-102-1\" class=\"panel-grid panel-no-style\" data-style=\"{&quot;background_display&quot;:&quot;tile&quot;,&quot;cell_alignment&quot;:&quot;flex-start&quot;}\">\n<div id=\"pgc-102-1-0\" class=\"panel-grid-cell\" data-weight=\"1\">\n<div id=\"panel-102-1-0-0\" class=\"so-panel widget widget_text panel-first-child\" data-index=\"1\" data-style=\"{&quot;widget_css&quot;:&quot;max-width:800px;\\nmargin:0 auto;&quot;,&quot;background_display&quot;:&quot;tile&quot;}\">\n<div class=\"panel-widget-style panel-widget-style-for-102-1-0-0\">\n<div class=\"textwidget\">\n<p>Erbaut 1900-1902, Architekt Ludwig Ernst Emil Hoffmann<\/p>\n<p><strong>Denkmalart: Gesamtanlage<\/strong> im Stil der holl\u00e4ndischen Sp\u00e4trenaissance bestehend aus dem Stra\u00dfengeb\u00e4ude, dem stumpfwinkligem Dreifl\u00fcgelhaus auf dem Hof links und den rechtwinkligem Geb\u00e4ude rechts.<\/p>\n<p><strong>Aufgabenstellung:<\/strong><\/p>\n<p>Fassadenreinigung und -restaurierung von roten Ziegelfassaden mit Sandsteinb\u00e4nderungen und Tuffsockeln mit einer Gesamtfl\u00e4che von 8700m\u00b2. Als vorbereitende Ma\u00dfnahme wurde eine Schadenskartierung und nachfolgend in Zusammenarbeit mit dem bauleitenden Architekturb\u00fcro HOE und dem LDA die Ma\u00dfnahmekartierung f\u00fcr jeden Fassadenabschnitt erarbeitet.<\/p>\n<p><strong>Ausgef\u00fchrte Arbeiten:<\/strong><\/p>\n<ul style=\"float: left;\">\n<li style=\"text-align: left;\">8.000 m\u00b2 Reinigung der Fassadenfl\u00e4chen im MF-Trockenstrahlverfahren<\/li>\n<li style=\"text-align: left;\">1.300 lfdm. Erneuerung s\u00e4mtlicher Verblechungen<\/li>\n<li style=\"text-align: left;\">ca. 6.200 m Erneuerung von alten Verfugungen in allen Bereichen<\/li>\n<li style=\"text-align: left;\">2.170 Stk. Steinerg\u00e4nzungen im Ziegelmauerwerk<\/li>\n<li style=\"text-align: left;\">Austausch von Naturwerksteinst\u00fccken in den Sandsteinb\u00e4nderungen und Tuffsockeln<\/li>\n<li style=\"text-align: left;\">ca. 310 lfdm. Risssanierung in allen Bereichen<\/li>\n<li style=\"text-align: left;\">Umbau der Hofdurchfahrt im Vorderhaus stra\u00dfen- und hofseitig<\/li>\n<\/ul>\n<\/div>\n<\/div>\n<\/div>\n<div id=\"panel-102-1-0-1\" class=\"so-panel widget widget_text panel-last-child\" data-index=\"2\" data-style=\"{&quot;widget_css&quot;:&quot;max-width:800px;\\nmargin:0 auto;&quot;,&quot;background_image_attachment&quot;:false,&quot;background_display&quot;:&quot;tile&quot;}\">\n<div class=\"panel-widget-style panel-widget-style-for-102-1-0-1\">\n<div class=\"textwidget\">\n<p><a class=\"bttn ap-bg-bttn ap-medium-bttn ap-default-bttn ap-align-none\" href=\"http:\/\/stein-fischer.de\/#section-11\">Zur\u00fcck<\/a><\/p>\n<\/div>\n<\/div>\n<\/div>\n<\/div>\n<\/div>\n<\/div>\n","protected":false},"excerpt":{"rendered":"<p>Erbaut 1900-1902, Architekt Ludwig Ernst Emil Hoffmann Denkmalart: Gesamtanlage im Stil der holl\u00e4ndischen Sp\u00e4trenaissance bestehend aus dem Stra\u00dfengeb\u00e4ude, dem stumpfwinkligem Dreifl\u00fcgelhaus auf dem Hof links und den rechtwinkligem Geb\u00e4ude rechts. Aufgabenstellung: Fassadenreinigung und -restaurierung von roten Ziegelfassaden mit Sandsteinb\u00e4nderungen und Tuffsockeln mit einer Gesamtfl\u00e4che von 8700m\u00b2. Als vorbereitende Ma\u00dfnahme wurde eine Schadenskartierung und nachfolgend in&#8230;<\/p>\n","protected":false},"author":1,"featured_media":0,"parent":0,"menu_order":0,"comment_status":"closed","ping_status":"closed","template":"","meta":{"footnotes":""},"class_list":["post-102","page","type-page","status-publish","hentry"],"_links":{"self":[{"href":"https:\/\/stein-fischer.de\/index.php?rest_route=\/wp\/v2\/pages\/102","targetHints":{"allow":["GET"]}}],"collection":[{"href":"https:\/\/stein-fischer.de\/index.php?rest_route=\/wp\/v2\/pages"}],"about":[{"href":"https:\/\/stein-fischer.de\/index.php?rest_route=\/wp\/v2\/types\/page"}],"author":[{"embeddable":true,"href":"https:\/\/stein-fischer.de\/index.php?rest_route=\/wp\/v2\/users\/1"}],"replies":[{"embeddable":true,"href":"https:\/\/stein-fischer.de\/index.php?rest_route=%2Fwp%2Fv2%2Fcomments&post=102"}],"version-history":[{"count":39,"href":"https:\/\/stein-fischer.de\/index.php?rest_route=\/wp\/v2\/pages\/102\/revisions"}],"predecessor-version":[{"id":695,"href":"https:\/\/stein-fischer.de\/index.php?rest_route=\/wp\/v2\/pages\/102\/revisions\/695"}],"wp:attachment":[{"href":"https:\/\/stein-fischer.de\/index.php?rest_route=%2Fwp%2Fv2%2Fmedia&parent=102"}],"curies":[{"name":"wp","href":"https:\/\/api.w.org\/{rel}","templated":true}]}}